{"id":7712,"date":"2024-07-07T18:06:11","date_gmt":"2024-07-08T00:06:11","guid":{"rendered":"https:\/\/americanlockercr.com\/?page_id=7712"},"modified":"2024-07-07T18:48:40","modified_gmt":"2024-07-08T00:48:40","slug":"reviews","status":"publish","type":"page","link":"https:\/\/americanlockercr.com\/index.php\/reviews\/","title":{"rendered":"Reviews"},"content":{"rendered":"\t\t<div data-elementor-type=\"wp-page\" data-elementor-id=\"7712\" class=\"elementor elementor-7712\" data-elementor-post-type=\"page\">\n\t\t\t\t\t\t<section data-particle_enable=\"false\" data-particle-mobile-disabled=\"false\" class=\"elementor-section elementor-top-section elementor-element elementor-element-2cced7a4 elementor-section-boxed elementor-section-height-default elementor-section-height-default wpr-particle-no wpr-jarallax-no wpr-parallax-no wpr-sticky-section-no wpr-equal-height-no\" data-id=\"2cced7a4\" data-element_type=\"section\" data-e-type=\"section\">\n\t\t\t\t\t\t<div class=\"elementor-container elementor-column-gap-default\">\n\t\t\t\t\t<div class=\"elementor-column elementor-col-100 elementor-top-column elementor-element elementor-element-6e447880\" data-id=\"6e447880\" data-element_type=\"column\" data-e-type=\"column\">\n\t\t\t<div class=\"elementor-widget-wrap elementor-element-populated\">\n\t\t\t\t\t\t<div class=\"elementor-element elementor-element-94b7e77 elementor-widget elementor-widget-image\" data-id=\"94b7e77\" data-element_type=\"widget\" data-e-type=\"widget\" data-widget_type=\"image.default\">\n\t\t\t\t<div class=\"elementor-widget-container\">\n\t\t\t\t\t\t\t\t\t\t\t\t\t\t\t<img decoding=\"async\" src=\"https:\/\/americanlockercr.com\/wp-content\/uploads\/elementor\/thumbs\/Banner-Resenas-qqs9e6eyy2y64r2oy47vdu8b93xaq9142aryjs8ubs.jpg\" title=\"Banner-Rese\u00f1as\" alt=\"Banner-Rese\u00f1as\" loading=\"lazy\" \/>\t\t\t\t\t\t\t\t\t\t\t\t\t\t\t<\/div>\n\t\t\t\t<\/div>\n\t\t\t\t<div class=\"elementor-element elementor-element-ac209f3 elementor-widget elementor-widget-heading\" data-id=\"ac209f3\" data-element_type=\"widget\" data-e-type=\"widget\" data-widget_type=\"heading.default\">\n\t\t\t\t<div class=\"elementor-widget-container\">\n\t\t\t\t\t<h3 class=\"elementor-heading-title elementor-size-default\">\u00bfQu\u00e9 dicen nuestros clientes sobre nuestros servicios?<\/h3>\t\t\t\t<\/div>\n\t\t\t\t<\/div>\n\t\t\t\t<div class=\"elementor-element elementor-element-acd9100 has-text-align-left elementor-button-align-stretch elementor-widget elementor-widget-site_reviews\" data-id=\"acd9100\" data-element_type=\"widget\" data-e-type=\"widget\" data-widget_type=\"site_reviews.default\">\n\t\t\t\t<div class=\"elementor-widget-container\">\n\t\t\t\t\t<?xml encoding=\"utf-8\"?><div class=\"glsr-elementor-acd9100 elementor-site-reviews\"><div class=\"glsr glsr-default\" id=\"glsr_6zjr9tsf\" data-from=\"elementor\" data-shortcode=\"site_reviews\" data-display=\"6\" data-rating=\"1\"><div class=\"glsr-reviews-wrap\">\n    <div class=\"glsr-reviews\">\n        <div class=\"glsr-review\" data-id=\"13169\" data-type=\"local\" id=\"review-13169\" data-assigned='{\"assigned_posts\":[7712],\"assigned_users\":[697]}'>\n    <div class=\"glsr-review-title\"><h4 class=\"glsr-tag-value\">Servicio al cliente excepcional<\/h4><\/div>\n    <div class=\"glsr-review-rating\"><div class=\"glsr-star-rating glsr-stars\" role=\"img\" aria-label=\"Valorado con 5 de 5 estrellas\" data-rating=\"5\" data-reviews=\"0\"><span class=\"glsr-star glsr-star-full\" aria-hidden=\"true\"><\/span><span class=\"glsr-star glsr-star-full\" aria-hidden=\"true\"><\/span><span class=\"glsr-star glsr-star-full\" aria-hidden=\"true\"><\/span><span class=\"glsr-star glsr-star-full\" aria-hidden=\"true\"><\/span><span class=\"glsr-star glsr-star-full\" aria-hidden=\"true\"><\/span><\/div><\/div> <div class=\"glsr-review-date\"><span class=\"glsr-tag-value\">4 de enero de 2026<\/span><\/div>\n    \n    <div class=\"glsr-review-content\"><div class=\"glsr-tag-value\" data-expanded=\"false\"><p>Puntualidad impecable y servicio al cliente ameno, servicial y atento, son los mejores del mercado.<\/p><\/div><\/div>\n    <div class=\"glsr-review-avatar\"><img loading=\"lazy\" decoding=\"async\" style=\"width:40px; height:40px;\" alt=\"Avatar para Hansel\" height=\"80\" loading=\"lazy\" src=\"https:\/\/americanlockercr.com\/wp-content\/uploads\/site-reviews\/avatars\/HA.svg\" width=\"80\"><\/div>\n    <div class=\"glsr-review-author\"><span class=\"glsr-tag-value\">Hansel<\/span><\/div>  \n    \n<\/div>\n<div class=\"glsr-review\" data-id=\"9575\" data-type=\"local\" id=\"review-9575\" data-assigned='{\"assigned_posts\":[7712],\"assigned_users\":[15]}'>\n    <div class=\"glsr-review-title\"><h4 class=\"glsr-tag-value\">S&uacute;per recomendados<\/h4><\/div>\n    <div class=\"glsr-review-rating\"><div class=\"glsr-star-rating glsr-stars\" role=\"img\" aria-label=\"Valorado con 5 de 5 estrellas\" data-rating=\"5\" data-reviews=\"0\"><span class=\"glsr-star glsr-star-full\" aria-hidden=\"true\"><\/span><span class=\"glsr-star glsr-star-full\" aria-hidden=\"true\"><\/span><span class=\"glsr-star glsr-star-full\" aria-hidden=\"true\"><\/span><span class=\"glsr-star glsr-star-full\" aria-hidden=\"true\"><\/span><span class=\"glsr-star glsr-star-full\" aria-hidden=\"true\"><\/span><\/div><\/div> <div class=\"glsr-review-date\"><span class=\"glsr-tag-value\">24 de diciembre de 2024<\/span><\/div>\n    \n    <div class=\"glsr-review-content\"><div class=\"glsr-tag-value\" data-expanded=\"false\"><p>Su servicio es excelente, tu paquete llega en buen estado, es un casillero s&uacute;per seguro y adem&aacute;s las tarifas por costo de env&iacute;o est&aacute;n s&uacute;per bien<\/p><\/div><\/div>\n    <div class=\"glsr-review-avatar\"><img loading=\"lazy\" decoding=\"async\" style=\"width:40px; height:40px;\" alt=\"Avatar para Melany\" height=\"80\" loading=\"lazy\" src=\"https:\/\/americanlockercr.com\/wp-content\/uploads\/site-reviews\/avatars\/ME.svg\" width=\"80\"><\/div>\n    <div class=\"glsr-review-author\"><span class=\"glsr-tag-value\">Melany<\/span><\/div>  \n    \n<\/div>\n<div class=\"glsr-review\" data-id=\"7723\" data-type=\"local\" id=\"review-7723\" data-assigned='{\"assigned_posts\":[7712],\"assigned_users\":[2]}'>\n    <div class=\"glsr-review-title\"><h4 class=\"glsr-tag-value\">Excelente servicio<\/h4><\/div>\n    <div class=\"glsr-review-rating\"><div class=\"glsr-star-rating glsr-stars\" role=\"img\" aria-label=\"Valorado con 5 de 5 estrellas\" data-rating=\"5\" data-reviews=\"0\"><span class=\"glsr-star glsr-star-full\" aria-hidden=\"true\"><\/span><span class=\"glsr-star glsr-star-full\" aria-hidden=\"true\"><\/span><span class=\"glsr-star glsr-star-full\" aria-hidden=\"true\"><\/span><span class=\"glsr-star glsr-star-full\" aria-hidden=\"true\"><\/span><span class=\"glsr-star glsr-star-full\" aria-hidden=\"true\"><\/span><\/div><\/div> <div class=\"glsr-review-date\"><span class=\"glsr-tag-value\">7 de julio de 2024<\/span><\/div>\n    \n    <div class=\"glsr-review-content\"><div class=\"glsr-tag-value\" data-expanded=\"false\"><p>Un gran servicio a un muy buen precio, muy buena atenci&oacute;n al cliente, 100% recomendado<\/p><\/div><\/div>\n    <div class=\"glsr-review-avatar\"><img loading=\"lazy\" decoding=\"async\" style=\"width:40px; height:40px;\" alt=\"Avatar para Luis Monge\" height=\"80\" loading=\"lazy\" src=\"https:\/\/americanlockercr.com\/wp-content\/uploads\/site-reviews\/avatars\/LM.svg\" width=\"80\"><\/div>\n    <div class=\"glsr-review-author\"><span class=\"glsr-tag-value\">Luis Monge<\/span><\/div>  \n    \n<\/div>\n    <\/div>\n    \n<\/div><\/div><\/div>\n\t\t\t\t<\/div>\n\t\t\t\t<\/div>\n\t\t\t\t<div class=\"elementor-element elementor-element-b9e535c elementor-widget elementor-widget-heading\" data-id=\"b9e535c\" data-element_type=\"widget\" data-e-type=\"widget\" data-widget_type=\"heading.default\">\n\t\t\t\t<div class=\"elementor-widget-container\">\n\t\t\t\t\t<h4 class=\"elementor-heading-title elementor-size-default\">RESUMEN:<\/h4>\t\t\t\t<\/div>\n\t\t\t\t<\/div>\n\t\t\t\t<div class=\"elementor-element elementor-element-15eec02 items-justified-left elementor-widget elementor-widget-site_reviews_summary\" data-id=\"15eec02\" data-element_type=\"widget\" data-e-type=\"widget\" data-widget_type=\"site_reviews_summary.default\">\n\t\t\t\t<div class=\"elementor-widget-container\">\n\t\t\t\t\t<?xml encoding=\"utf-8\"?><div class=\"glsr-elementor-15eec02 elementor-site-reviews-summary\"><div class=\"glsr glsr-default\" id=\"glsr_uphylqio\" data-from=\"elementor\" data-shortcode=\"site_reviews_summary\" data-hide=\"summary\"><div class=\"glsr-summary-wrap\">\n    <div class=\"glsr-summary\">\n        <div class=\"glsr-summary-rating\"><span class=\"glsr-tag-value\">5,0<\/span><\/div>\n        <div class=\"glsr-summary-stars\"><div class=\"glsr-star-rating glsr-stars\" role=\"img\" aria-label=\"Rated 5 out of 5 stars based on 3 ratings\" data-rating=\"5\" data-reviews=\"3\"><span class=\"glsr-star glsr-star-full\" aria-hidden=\"true\"><\/span><span class=\"glsr-star glsr-star-full\" aria-hidden=\"true\"><\/span><span class=\"glsr-star glsr-star-full\" aria-hidden=\"true\"><\/span><span class=\"glsr-star glsr-star-full\" aria-hidden=\"true\"><\/span><span class=\"glsr-star glsr-star-full\" aria-hidden=\"true\"><\/span><\/div><\/div>\n        \n        <div class=\"glsr-summary-percentages\"><div class=\"glsr-summary-bar\" data-level=\"5\"><span class=\"glsr-summary-bar-label\">Excelente<\/span><span class=\"glsr-summary-bar-background\" style=\"--glsr-bar-percent:100%;\"><\/span><span class=\"glsr-summary-bar-percent\" data-percent=\"100%\" data-reviews=\"3\"><\/span><\/div><div class=\"glsr-summary-bar\" data-level=\"4\"><span class=\"glsr-summary-bar-label\">Muy buena<\/span><span class=\"glsr-summary-bar-background\" style=\"--glsr-bar-percent:0%;\"><\/span><span class=\"glsr-summary-bar-percent\" data-percent=\"0%\" data-reviews=\"0\"><\/span><\/div><div class=\"glsr-summary-bar\" data-level=\"3\"><span class=\"glsr-summary-bar-label\">Media<\/span><span class=\"glsr-summary-bar-background\" style=\"--glsr-bar-percent:0%;\"><\/span><span class=\"glsr-summary-bar-percent\" data-percent=\"0%\" data-reviews=\"0\"><\/span><\/div><div class=\"glsr-summary-bar\" data-level=\"2\"><span class=\"glsr-summary-bar-label\">Mala<\/span><span class=\"glsr-summary-bar-background\" style=\"--glsr-bar-percent:0%;\"><\/span><span class=\"glsr-summary-bar-percent\" data-percent=\"0%\" data-reviews=\"0\"><\/span><\/div><div class=\"glsr-summary-bar\" data-level=\"1\"><span class=\"glsr-summary-bar-label\">Muy mala<\/span><span class=\"glsr-summary-bar-background\" style=\"--glsr-bar-percent:0%;\"><\/span><span class=\"glsr-summary-bar-percent\" data-percent=\"0%\" data-reviews=\"0\"><\/span><\/div><\/div>\n    <\/div>\n<\/div><\/div><\/div>\n\t\t\t\t<\/div>\n\t\t\t\t<\/div>\n\t\t\t\t<div class=\"elementor-element elementor-element-8c8cf23 elementor-widget-divider--view-line elementor-widget elementor-widget-divider\" data-id=\"8c8cf23\" data-element_type=\"widget\" data-e-type=\"widget\" data-widget_type=\"divider.default\">\n\t\t\t\t<div class=\"elementor-widget-container\">\n\t\t\t\t\t\t\t<div class=\"elementor-divider\">\n\t\t\t<span class=\"elementor-divider-separator\">\n\t\t\t\t\t\t<\/span>\n\t\t<\/div>\n\t\t\t\t\t\t<\/div>\n\t\t\t\t<\/div>\n\t\t\t\t<div class=\"elementor-element elementor-element-aea7bff elementor-widget elementor-widget-heading\" data-id=\"aea7bff\" data-element_type=\"widget\" data-e-type=\"widget\" data-widget_type=\"heading.default\">\n\t\t\t\t<div class=\"elementor-widget-container\">\n\t\t\t\t\t<h4 class=\"elementor-heading-title elementor-size-default\">\u00bfQuer\u00e9s dejar tu opini\u00f3n o rese\u00f1a sobre nuestros servicios? Aqu\u00ed lo pod\u00e9s hacer<\/h4>\t\t\t\t<\/div>\n\t\t\t\t<\/div>\n\t\t\t\t<div class=\"elementor-element elementor-element-07b7bb3 elementor-button-align-stretch elementor-widget elementor-widget-site_reviews_form\" data-id=\"07b7bb3\" data-element_type=\"widget\" data-e-type=\"widget\" data-widget_type=\"site_reviews_form.default\">\n\t\t\t\t<div class=\"elementor-widget-container\">\n\t\t\t\t\t<?xml encoding=\"utf-8\"?><div class=\"glsr-elementor-07b7bb3 elementor-site-reviews-form\"><div class=\"glsr glsr-default\" id=\"glsr_g3w3ufag\" data-from=\"elementor\" data-shortcode=\"site_reviews_form\" data-assigned_posts=\"7712\" data-hide=\"email\"><div class=\"glsr-login-register\">\n    <p>Debes ser <a href=\"https:\/\/americanlockercr.com\/index.php\/login\/?redirect_to=https%3A%2F%2Famericanlockercr.com%2Findex.php%2Freviews%2F\">usuario activo (iniciar sesi&oacute;n)<\/a> para enviar una rese&ntilde;a. Debes <a href=\"https:\/\/americanlockercr.com\/index.php\/login\/\">registrarte<\/a> por una cuenta.<\/p>\n<\/div><\/div><\/div>\n\t\t\t\t<\/div>\n\t\t\t\t<\/div>\n\t\t\t\t\t<\/div>\n\t\t<\/div>\n\t\t\t\t\t<\/div>\n\t\t<\/section>\n\t\t\t\t<\/div>\n\t\t","protected":false},"excerpt":{"rendered":"<p>\u00bfQu\u00e9 dicen nuestros clientes sobre nuestros servicios? Excelente servicio 7 de julio de 2024 Un gran servicio a un muy buen precio, muy buena atenci\u00f3n al cliente, 100% recomendado Luis Monge RESUMEN: 5,0 Excelente100%Muy buena0%Media0%Mala0%Muy mala0% \u00bfQuer\u00e9s dejar tu opini\u00f3n o rese\u00f1a sobre nuestros servicios? Aqu\u00ed lo pod\u00e9s hacer Tu rese\u00f1a Tu puntuaci\u00f3n global Seleccionar<\/p>\n","protected":false},"author":1,"featured_media":0,"parent":0,"menu_order":0,"comment_status":"closed","ping_status":"closed","template":"","meta":{"_eb_attr":"","_uag_custom_page_level_css":"","_monsterinsights_skip_tracking":false,"_monsterinsights_sitenote_active":false,"_monsterinsights_sitenote_note":"","_monsterinsights_sitenote_category":0,"site-sidebar-layout":"default","site-content-layout":"","ast-site-content-layout":"default","site-content-style":"default","site-sidebar-style":"default","ast-global-header-display":"","ast-banner-title-visibility":"","ast-main-header-display":"","ast-hfb-above-header-display":"","ast-hfb-below-header-display":"","ast-hfb-mobile-header-display":"","site-post-title":"","ast-breadcrumbs-content":"","ast-featured-img":"","footer-sml-layout":"","ast-disable-related-posts":"","theme-transparent-header-meta":"","adv-header-id-meta":"","stick-header-meta":"","header-above-stick-meta":"","header-main-stick-meta":"","header-below-stick-meta":"","astra-migrate-meta-layouts":"default","ast-page-background-enabled":"default","ast-page-background-meta":{"desktop":{"background-color":"","background-image":"","background-repeat":"repeat","background-position":"center center","background-size":"auto","background-attachment":"scroll","background-type":"","background-media":"","overlay-type":"","overlay-color":"","overlay-opacity":"","overlay-gradient":""},"tablet":{"background-color":"","background-image":"","background-repeat":"repeat","background-position":"center center","background-size":"auto","background-attachment":"scroll","background-type":"","background-media":"","overlay-type":"","overlay-color":"","overlay-opacity":"","overlay-gradient":""},"mobile":{"background-color":"","background-image":"","background-repeat":"repeat","background-position":"center center","background-size":"auto","background-attachment":"scroll","background-type":"","background-media":"","overlay-type":"","overlay-color":"","overlay-opacity":"","overlay-gradient":""}},"ast-content-background-meta":{"desktop":{"background-color":"var(--ast-global-color-5)","background-image":"","background-repeat":"repeat","background-position":"center center","background-size":"auto","background-attachment":"scroll","background-type":"","background-media":"","overlay-type":"","overlay-color":"","overlay-opacity":"","overlay-gradient":""},"tablet":{"background-color":"var(--ast-global-color-5)","background-image":"","background-repeat":"repeat","background-position":"center center","background-size":"auto","background-attachment":"scroll","background-type":"","background-media":"","overlay-type":"","overlay-color":"","overlay-opacity":"","overlay-gradient":""},"mobile":{"background-color":"var(--ast-global-color-5)","background-image":"","background-repeat":"repeat","background-position":"center center","background-size":"auto","background-attachment":"scroll","background-type":"","background-media":"","overlay-type":"","overlay-color":"","overlay-opacity":"","overlay-gradient":""}},"_glsr_average":5,"_glsr_ranking":3.8461538461538,"_glsr_reviews":3,"_joinchat":[],"footnotes":""},"class_list":["post-7712","page","type-page","status-publish","hentry"],"aioseo_notices":[],"uagb_featured_image_src":{"full":false,"thumbnail":false,"medium":false,"medium_large":false,"large":false,"1536x1536":false,"2048x2048":false,"woocommerce_thumbnail":false,"woocommerce_single":false,"woocommerce_gallery_thumbnail":false},"uagb_author_info":{"display_name":"americanlockercr","author_link":"https:\/\/americanlockercr.com\/index.php\/author\/americanlockercr\/"},"uagb_comment_info":0,"uagb_excerpt":"\u00bfQu\u00e9 dicen nuestros clientes sobre nuestros servicios? Excelente servicio 7 de julio de 2024 Un gran servicio a un muy buen precio, muy buena atenci\u00f3n al cliente, 100% recomendado Luis Monge RESUMEN: 5,0 Excelente100%Muy buena0%Media0%Mala0%Muy mala0% \u00bfQuer\u00e9s dejar tu opini\u00f3n o rese\u00f1a sobre nuestros servicios? Aqu\u00ed lo pod\u00e9s hacer Tu rese\u00f1a Tu puntuaci\u00f3n global Seleccionar","jetpack_sharing_enabled":true,"_links":{"self":[{"href":"https:\/\/americanlockercr.com\/index.php\/wp-json\/wp\/v2\/pages\/7712","targetHints":{"allow":["GET"]}}],"collection":[{"href":"https:\/\/americanlockercr.com\/index.php\/wp-json\/wp\/v2\/pages"}],"about":[{"href":"https:\/\/americanlockercr.com\/index.php\/wp-json\/wp\/v2\/types\/page"}],"author":[{"embeddable":true,"href":"https:\/\/americanlockercr.com\/index.php\/wp-json\/wp\/v2\/users\/1"}],"replies":[{"embeddable":true,"href":"https:\/\/americanlockercr.com\/index.php\/wp-json\/wp\/v2\/comments?post=7712"}],"version-history":[{"count":13,"href":"https:\/\/americanlockercr.com\/index.php\/wp-json\/wp\/v2\/pages\/7712\/revisions"}],"predecessor-version":[{"id":7742,"href":"https:\/\/americanlockercr.com\/index.php\/wp-json\/wp\/v2\/pages\/7712\/revisions\/7742"}],"wp:attachment":[{"href":"https:\/\/americanlockercr.com\/index.php\/wp-json\/wp\/v2\/media?parent=7712"}],"curies":[{"name":"wp","href":"https:\/\/api.w.org\/{rel}","templated":true}]}}