{"id":6111,"date":"2023-07-06T19:41:50","date_gmt":"2023-07-06T19:41:50","guid":{"rendered":"https:\/\/americanlockercr.com\/?page_id=6111"},"modified":"2025-12-04T14:55:27","modified_gmt":"2025-12-04T20:55:27","slug":"beneficios","status":"publish","type":"page","link":"https:\/\/americanlockercr.com\/index.php\/beneficios\/","title":{"rendered":"Beneficios"},"content":{"rendered":"\t\t<div data-elementor-type=\"wp-page\" data-elementor-id=\"6111\" class=\"elementor elementor-6111\" data-elementor-post-type=\"page\">\n\t\t\t\t\t\t<section data-particle_enable=\"false\" data-particle-mobile-disabled=\"false\" class=\"elementor-section elementor-top-section elementor-element elementor-element-2cced7a4 elementor-section-boxed elementor-section-height-default elementor-section-height-default wpr-particle-no wpr-jarallax-no wpr-parallax-no wpr-sticky-section-no wpr-equal-height-no\" data-id=\"2cced7a4\" data-element_type=\"section\" data-e-type=\"section\">\n\t\t\t\t\t\t<div class=\"elementor-container elementor-column-gap-default\">\n\t\t\t\t\t<div class=\"elementor-column elementor-col-100 elementor-top-column elementor-element elementor-element-6e447880\" data-id=\"6e447880\" data-element_type=\"column\" data-e-type=\"column\">\n\t\t\t<div class=\"elementor-widget-wrap elementor-element-populated\">\n\t\t\t\t\t\t<div class=\"elementor-element elementor-element-94b7e77 elementor-widget elementor-widget-image\" data-id=\"94b7e77\" data-element_type=\"widget\" data-e-type=\"widget\" data-widget_type=\"image.default\">\n\t\t\t\t<div class=\"elementor-widget-container\">\n\t\t\t\t\t\t\t\t\t\t\t\t\t\t\t<img decoding=\"async\" src=\"https:\/\/americanlockercr.com\/wp-content\/uploads\/elementor\/thumbs\/Beneficios-de-Enviar-con-AmericanLocker-80-qrjqjdumkn75btq7na5olp178krainto197myljpkw.jpg\" title=\"Beneficios de Enviar con AmericanLocker-80\" alt=\"Beneficios de Enviar con AmericanLocker-80\" loading=\"lazy\" \/>\t\t\t\t\t\t\t\t\t\t\t\t\t\t\t<\/div>\n\t\t\t\t<\/div>\n\t\t\t\t<div class=\"elementor-element elementor-element-1758f0a elementor-widget elementor-widget-eael-fancy-text\" data-id=\"1758f0a\" data-element_type=\"widget\" data-e-type=\"widget\" data-widget_type=\"eael-fancy-text.default\">\n\t\t\t\t<div class=\"elementor-widget-container\">\n\t\t\t\t\t\n\t<div  class=\"eael-fancy-text-container style-1\" data-fancy-text-id=\"1758f0a\" data-fancy-text=\"|Transporte desde USA o Colombia|Env\u00edo r\u00e1pido y sencillo|Tarifa todo incluido,\" data-fancy-text-transition-type=\"bounceIn\" data-fancy-text-speed=\"\" data-fancy-text-delay=\"2500\" data-fancy-text-cursor=\"\" data-fancy-text-loop=\"yes\" data-fancy-text-action=\"page_load\" >\n\t\t\n\t\t\n\t\t\t\t\t<span id=\"eael-fancy-text-1758f0a\" class=\"eael-fancy-text-strings solid-color\">\n\t\t\t\t<noscript>\n\t\t\t\t\tTransporte desde USA o Colombia, Env\u00edo r\u00e1pido y sencillo, Tarifa todo incluido\t\t\t\t<\/noscript>\n\t\t\t<\/span>\n\t\t\n\t\t\t\t\t<span class=\"eael-fancy-text-suffix\"> al mejor precio por libra<\/span>\n\t\t\t<\/div><!-- close .eael-fancy-text-container -->\n\n\t<div class=\"clearfix\"><\/div>\n\n\t\t\t\t\t<\/div>\n\t\t\t\t<\/div>\n\t\t\t\t<div class=\"elementor-element elementor-element-0d25fa8 elementor-widget elementor-widget-eael-image-accordion\" data-id=\"0d25fa8\" data-element_type=\"widget\" data-e-type=\"widget\" data-widget_type=\"eael-image-accordion.default\">\n\t\t\t\t<div class=\"elementor-widget-container\">\n\t\t\t\t\t    <div class=\"eael-img-accordion accordion-direction-horizontal eael-img-accordion-horizontal-align-center eael-img-accordion-vertical-align-center\" id=\"eael-img-accordion-0d25fa8\" data-img-accordion-id=\"0d25fa8\" data-img-accordion-type=\"on-hover\">\n                    \n            <div class=\"eael-image-accordion-hover eael-image-accordion-item\" style=\"background-image: url(https:\/\/americanlockercr.com\/wp-content\/uploads\/2023\/07\/PaginaWeb-American-Locker_banner_beneficios_1.jpg);\"  tabindex=\"0\">\n                <div class=\"overlay\">\n                                        <div class=\"overlay-inner \">\n                        <h2 class=\"img-accordion-title\">Tus paquetes r\u00e1pido y sencillo<\/h2>                            <p><p>Contamos con un <strong>sistema sencillo<\/strong> que te permitir\u00e1 env\u00edar tus paquetes sin mucha complicaci\u00f3n, adem\u00e1s de que tus paquetes estar\u00e1n en el pa\u00eds en el menor tiempo posible<\/p><\/p>\n                                            <\/div>\n                <\/div>\n            <\/div>\n                    \n            <div class=\"eael-image-accordion-hover eael-image-accordion-item\" style=\"background-image: url(https:\/\/americanlockercr.com\/wp-content\/uploads\/2023\/07\/PaginaWeb-American-Locker_banner_beneficios_2.jpg);\"  tabindex=\"0\">\n                <div class=\"overlay\">\n                                        <div class=\"overlay-inner \">\n                        <h2 class=\"img-accordion-title\">Env\u00edos seguros<\/h2>                            <p><p>Contamos con un servicio de alta calidad que te garantiza que tu paquete llegue al pa\u00eds. En caso de alg\u00fan incoveniente cont\u00e1s con nuestro respaldo<\/p><\/p>\n                                            <\/div>\n                <\/div>\n            <\/div>\n                    \n            <div class=\"eael-image-accordion-hover eael-image-accordion-item\" style=\"background-image: url(https:\/\/americanlockercr.com\/wp-content\/uploads\/2023\/09\/PaginaWeb-American-Locker_banner_beneficios_3.jpg);\"  tabindex=\"0\">\n                <div class=\"overlay\">\n                                        <div class=\"overlay-inner \">\n                        <h2 class=\"img-accordion-title\">Env\u00edo desde USA o desde Colombia<\/h2>                            <p><p>Ahora no s\u00f3lo ten\u00e9s la opci\u00f3n de traer tus paquetes desde USA, sino que tambi\u00e9n desde Colombia<\/p><\/p>\n                                            <\/div>\n                <\/div>\n            <\/div>\n                    \n            <div class=\"eael-image-accordion-hover eael-image-accordion-item\" style=\"background-image: url(https:\/\/americanlockercr.com\/wp-content\/uploads\/2023\/07\/PaginaWeb-American-Locker_banner_beneficios_4.jpg);\"  tabindex=\"0\">\n                <div class=\"overlay\">\n                                        <div class=\"overlay-inner \">\n                        <h2 class=\"img-accordion-title\">\u00a1TODO LO QUE OCUP\u00c1S!<\/h2>                            <p><p>Traemos cualquier productos que ocup\u00e9s, desde ropa, zapatos, tecnolog\u00eda, hasta perfumes, art\u00edculos para mascota o art\u00edculos deportivos.<\/p><\/p>\n                                            <\/div>\n                <\/div>\n            <\/div>\n                    \n            <div class=\"eael-image-accordion-hover eael-image-accordion-item\" style=\"background-image: url(https:\/\/americanlockercr.com\/wp-content\/uploads\/2023\/07\/PaginaWeb-American-Locker_banner_beneficios_5.jpg);\"  tabindex=\"0\">\n                <div class=\"overlay\">\n                                        <div class=\"overlay-inner \">\n                        <h2 class=\"img-accordion-title\">\u00a1Hasta la puerta de tu casa!<\/h2>                            <p><p>Te hacemos llegar tus paquetes a la puerta de casa seg\u00fan la ubicaci\u00f3n de la misma*\u00a0<\/p><p>*Consultar condiciones<\/p><\/p>\n                                            <\/div>\n                <\/div>\n            <\/div>\n                <\/div>\n        <style typr=\"text\/css\">\n                    #eael-img-accordion-0d25fa8 .eael-image-accordion-hover:hover {\n                        flex: 3 1 0% !important;\n                    }\n                    #eael-img-accordion-0d25fa8 .eael-image-accordion-hover:hover:hover .overlay-inner * {\n                        opacity: 1;\n                        visibility: visible;\n                        transform: none;\n                        transition: all .3s .3s;\n                    }\n                <\/style>\t\t\t\t<\/div>\n\t\t\t\t<\/div>\n\t\t\t\t<div class=\"elementor-element elementor-element-8c8cf23 elementor-widget-divider--view-line elementor-widget elementor-widget-divider\" data-id=\"8c8cf23\" data-element_type=\"widget\" data-e-type=\"widget\" data-widget_type=\"divider.default\">\n\t\t\t\t<div class=\"elementor-widget-container\">\n\t\t\t\t\t\t\t<div class=\"elementor-divider\">\n\t\t\t<span class=\"elementor-divider-separator\">\n\t\t\t\t\t\t<\/span>\n\t\t<\/div>\n\t\t\t\t\t\t<\/div>\n\t\t\t\t<\/div>\n\t\t\t\t\t<\/div>\n\t\t<\/div>\n\t\t\t\t\t<\/div>\n\t\t<\/section>\n\t\t\t\t<section data-particle_enable=\"false\" data-particle-mobile-disabled=\"false\" class=\"elementor-section elementor-top-section elementor-element elementor-element-2d717ab elementor-section-boxed elementor-section-height-default elementor-section-height-default wpr-particle-no wpr-jarallax-no wpr-parallax-no wpr-sticky-section-no wpr-equal-height-no\" data-id=\"2d717ab\" data-element_type=\"section\" data-e-type=\"section\">\n\t\t\t\t\t\t<div class=\"elementor-container elementor-column-gap-default\">\n\t\t\t\t\t<div class=\"elementor-column elementor-col-100 elementor-top-column elementor-element elementor-element-4ee6810\" data-id=\"4ee6810\" data-element_type=\"column\" data-e-type=\"column\">\n\t\t\t<div class=\"elementor-widget-wrap elementor-element-populated\">\n\t\t\t\t\t\t<div class=\"elementor-element elementor-element-c605d04 elementor-widget elementor-widget-text-editor\" data-id=\"c605d04\" data-element_type=\"widget\" data-e-type=\"widget\" data-widget_type=\"text-editor.default\">\n\t\t\t\t<div class=\"elementor-widget-container\">\n\t\t\t\t\t\t\t\t\t<p><span style=\"text-align: center;\">Si a\u00fan ten\u00e9s alguna duda nos pod\u00e9s contactar directamente a nuestro WhatsApp:<\/span><br><\/p>\t\t\t\t\t\t\t\t<\/div>\n\t\t\t\t<\/div>\n\t\t\t\t<div class=\"elementor-element elementor-element-bd36a5e elementor-align-center elementor-widget elementor-widget-button\" data-id=\"bd36a5e\" data-element_type=\"widget\" data-e-type=\"widget\" data-widget_type=\"button.default\">\n\t\t\t\t<div class=\"elementor-widget-container\">\n\t\t\t\t\t\t\t\t\t<div class=\"elementor-button-wrapper\">\n\t\t\t\t\t<a class=\"elementor-button elementor-button-link elementor-size-sm\" href=\"https:\/\/api.whatsapp.com\/send\/?phone=50683837337&#038;text&#038;type=phone_number&#038;app_absent=0\">\n\t\t\t\t\t\t<span class=\"elementor-button-content-wrapper\">\n\t\t\t\t\t\t<span class=\"elementor-button-icon\">\n\t\t\t\t<svg xmlns=\"http:\/\/www.w3.org\/2000\/svg\" xmlns:xlink=\"http:\/\/www.w3.org\/1999\/xlink\" id=\"Capa_1\" x=\"0px\" y=\"0px\" width=\"150px\" height=\"150px\" viewBox=\"0 0 150 150\" xml:space=\"preserve\"><g>\t\t\t<ellipse transform=\"matrix(0.1586 -0.9873 0.9873 0.1586 -10.9475 137.1535)\" fill=\"#008047\" cx=\"75\" cy=\"75\" rx=\"71.452\" ry=\"71.453\"><\/ellipse>\t<path fill=\"#FFFFFF\" d=\"M28.445,119.409l6.945-25.912c-3.932-7.095-6.002-15.044-6.002-23.114c0-26.38,21.464-47.844,47.844-47.844  c26.382,0,47.845,21.464,47.845,47.844c0,26.382-21.463,47.845-47.845,47.845c-7.92,0-15.741-2-22.742-5.797L28.445,119.409z   M55.786,102.721l1.64,0.978c6.022,3.588,12.872,5.485,19.807,5.485c21.395,0,38.802-17.406,38.802-38.802  c0-21.395-17.407-38.8-38.802-38.8c-21.394,0-38.8,17.405-38.8,38.8c0,7.065,1.962,14.021,5.675,20.118l1.006,1.652l-3.877,14.467  L55.786,102.721z\"><\/path>\t<path fill-rule=\"evenodd\" clip-rule=\"evenodd\" fill=\"#FFFFFF\" d=\"M95.031,77.037c-1.97-1.178-4.532-2.493-6.852-1.543  c-1.78,0.728-2.916,3.514-4.069,4.937c-0.592,0.73-1.299,0.844-2.207,0.478c-6.681-2.661-11.801-7.121-15.487-13.266  c-0.625-0.955-0.513-1.708,0.24-2.594c1.114-1.311,2.512-2.801,2.813-4.568c0.302-1.766-0.527-3.833-1.257-5.406  c-0.934-2.01-1.978-4.878-3.992-6.016c-1.852-1.046-4.291-0.46-5.94,0.883c-2.848,2.318-4.222,5.951-4.18,9.552  c0.011,1.023,0.137,2.044,0.376,3.031c0.575,2.376,1.672,4.593,2.908,6.701c0.932,1.591,1.944,3.133,3.036,4.617  c3.574,4.854,8.019,9.073,13.167,12.226c2.572,1.575,5.343,2.957,8.211,3.905c3.217,1.063,6.084,2.169,9.558,1.51  c3.637-0.691,7.224-2.942,8.667-6.447c0.427-1.038,0.641-2.194,0.402-3.29C99.932,79.481,96.864,78.134,95.031,77.037z\"><\/path><\/g><\/svg>\t\t\t<\/span>\n\t\t\t\t\t\t\t\t\t<span class=\"elementor-button-text\">Hac\u00e9 tus consultas aqu\u00ed<\/span>\n\t\t\t\t\t<\/span>\n\t\t\t\t\t<\/a>\n\t\t\t\t<\/div>\n\t\t\t\t\t\t\t\t<\/div>\n\t\t\t\t<\/div>\n\t\t\t\t\t<\/div>\n\t\t<\/div>\n\t\t\t\t\t<\/div>\n\t\t<\/section>\n\t\t\t\t<\/div>\n\t\t","protected":false},"excerpt":{"rendered":"<p>Transporte desde USA o Colombia, Env\u00edo r\u00e1pido y sencillo, Tarifa todo incluido al mejor precio por libra Tus paquetes r\u00e1pido y sencillo Contamos con un sistema sencillo que te permitir\u00e1 env\u00edar tus paquetes sin mucha complicaci\u00f3n, adem\u00e1s de que tus paquetes estar\u00e1n en el pa\u00eds en el menor tiempo posible Env\u00edos seguros Contamos con un<\/p>\n","protected":false},"author":1,"featured_media":0,"parent":0,"menu_order":0,"comment_status":"closed","ping_status":"closed","template":"","meta":{"_eb_attr":"","_uag_custom_page_level_css":"","_monsterinsights_skip_tracking":false,"_monsterinsights_sitenote_active":false,"_monsterinsights_sitenote_note":"","_monsterinsights_sitenote_category":0,"site-sidebar-layout":"default","site-content-layout":"","ast-site-content-layout":"default","site-content-style":"default","site-sidebar-style":"default","ast-global-header-display":"","ast-banner-title-visibility":"","ast-main-header-display":"","ast-hfb-above-header-display":"","ast-hfb-below-header-display":"","ast-hfb-mobile-header-display":"","site-post-title":"disabled","ast-breadcrumbs-content":"","ast-featured-img":"","footer-sml-layout":"","ast-disable-related-posts":"","theme-transparent-header-meta":"","adv-header-id-meta":"","stick-header-meta":"","header-above-stick-meta":"","header-main-stick-meta":"","header-below-stick-meta":"","astra-migrate-meta-layouts":"set","ast-page-background-enabled":"default","ast-page-background-meta":{"desktop":{"background-color":"","background-image":"","background-repeat":"repeat","background-position":"center center","background-size":"auto","background-attachment":"scroll","background-type":"","background-media":"","overlay-type":"","overlay-color":"","overlay-opacity":"","overlay-gradient":""},"tablet":{"background-color":"","background-image":"","background-repeat":"repeat","background-position":"center center","background-size":"auto","background-attachment":"scroll","background-type":"","background-media":"","overlay-type":"","overlay-color":"","overlay-opacity":"","overlay-gradient":""},"mobile":{"background-color":"","background-image":"","background-repeat":"repeat","background-position":"center center","background-size":"auto","background-attachment":"scroll","background-type":"","background-media":"","overlay-type":"","overlay-color":"","overlay-opacity":"","overlay-gradient":""}},"ast-content-background-meta":{"desktop":{"background-color":"var(--ast-global-color-5)","background-image":"","background-repeat":"repeat","background-position":"center center","background-size":"auto","background-attachment":"scroll","background-type":"","background-media":"","overlay-type":"","overlay-color":"","overlay-opacity":"","overlay-gradient":""},"tablet":{"background-color":"var(--ast-global-color-5)","background-image":"","background-repeat":"repeat","background-position":"center center","background-size":"auto","background-attachment":"scroll","background-type":"","background-media":"","overlay-type":"","overlay-color":"","overlay-opacity":"","overlay-gradient":""},"mobile":{"background-color":"var(--ast-global-color-5)","background-image":"","background-repeat":"repeat","background-position":"center center","background-size":"auto","background-attachment":"scroll","background-type":"","background-media":"","overlay-type":"","overlay-color":"","overlay-opacity":"","overlay-gradient":""}},"_glsr_average":0,"_glsr_ranking":0,"_glsr_reviews":0,"_joinchat":[],"footnotes":""},"class_list":["post-6111","page","type-page","status-publish","hentry"],"aioseo_notices":[],"uagb_featured_image_src":{"full":false,"thumbnail":false,"medium":false,"medium_large":false,"large":false,"1536x1536":false,"2048x2048":false,"woocommerce_thumbnail":false,"woocommerce_single":false,"woocommerce_gallery_thumbnail":false},"uagb_author_info":{"display_name":"americanlockercr","author_link":"https:\/\/americanlockercr.com\/index.php\/author\/americanlockercr\/"},"uagb_comment_info":0,"uagb_excerpt":"Transporte desde USA o Colombia, Env\u00edo r\u00e1pido y sencillo, Tarifa todo incluido al mejor precio por libra Tus paquetes r\u00e1pido y sencillo Contamos con un sistema sencillo que te permitir\u00e1 env\u00edar tus paquetes sin mucha complicaci\u00f3n, adem\u00e1s de que tus paquetes estar\u00e1n en el pa\u00eds en el menor tiempo posible Env\u00edos seguros Contamos con un","jetpack_sharing_enabled":true,"_links":{"self":[{"href":"https:\/\/americanlockercr.com\/index.php\/wp-json\/wp\/v2\/pages\/6111","targetHints":{"allow":["GET"]}}],"collection":[{"href":"https:\/\/americanlockercr.com\/index.php\/wp-json\/wp\/v2\/pages"}],"about":[{"href":"https:\/\/americanlockercr.com\/index.php\/wp-json\/wp\/v2\/types\/page"}],"author":[{"embeddable":true,"href":"https:\/\/americanlockercr.com\/index.php\/wp-json\/wp\/v2\/users\/1"}],"replies":[{"embeddable":true,"href":"https:\/\/americanlockercr.com\/index.php\/wp-json\/wp\/v2\/comments?post=6111"}],"version-history":[{"count":74,"href":"https:\/\/americanlockercr.com\/index.php\/wp-json\/wp\/v2\/pages\/6111\/revisions"}],"predecessor-version":[{"id":12971,"href":"https:\/\/americanlockercr.com\/index.php\/wp-json\/wp\/v2\/pages\/6111\/revisions\/12971"}],"wp:attachment":[{"href":"https:\/\/americanlockercr.com\/index.php\/wp-json\/wp\/v2\/media?parent=6111"}],"curies":[{"name":"wp","href":"https:\/\/api.w.org\/{rel}","templated":true}]}}