{"id":6051,"date":"2023-07-06T17:09:12","date_gmt":"2023-07-06T17:09:12","guid":{"rendered":"https:\/\/americanlockercr.com\/?page_id=6051"},"modified":"2025-03-24T14:21:27","modified_gmt":"2025-03-24T20:21:27","slug":"transporte_colombia_costa_rica","status":"publish","type":"page","link":"https:\/\/americanlockercr.com\/index.php\/transporte_colombia_costa_rica\/","title":{"rendered":"Paqueter\u00eda COL &#8211; CR"},"content":{"rendered":"\t\t<div data-elementor-type=\"wp-page\" data-elementor-id=\"6051\" class=\"elementor elementor-6051\" data-elementor-post-type=\"page\">\n\t\t\t\t\t\t<section data-particle_enable=\"false\" data-particle-mobile-disabled=\"false\" class=\"elementor-section elementor-top-section elementor-element elementor-element-2cced7a4 elementor-section-boxed elementor-section-height-default elementor-section-height-default wpr-particle-no wpr-jarallax-no wpr-parallax-no wpr-sticky-section-no wpr-equal-height-no\" data-id=\"2cced7a4\" data-element_type=\"section\" data-e-type=\"section\">\n\t\t\t\t\t\t<div class=\"elementor-container elementor-column-gap-default\">\n\t\t\t\t\t<div class=\"elementor-column elementor-col-100 elementor-top-column elementor-element elementor-element-6e447880\" data-id=\"6e447880\" data-element_type=\"column\" data-e-type=\"column\">\n\t\t\t<div class=\"elementor-widget-wrap elementor-element-populated\">\n\t\t\t\t\t\t<div class=\"elementor-element elementor-element-94b7e77 elementor-widget elementor-widget-image\" data-id=\"94b7e77\" data-element_type=\"widget\" data-e-type=\"widget\" data-widget_type=\"image.default\">\n\t\t\t\t<div class=\"elementor-widget-container\">\n\t\t\t\t\t\t\t\t\t\t\t\t\t\t\t<img decoding=\"async\" src=\"https:\/\/americanlockercr.com\/wp-content\/uploads\/elementor\/thumbs\/Paqueteria-Colombia-USA-80-qrjqcuuz429gpb7jrgkyacbyq8xj2bwrsy48zf84sg.jpg\" title=\"Paqueteria Colombia USA-80\" alt=\"Paqueteria Colombia USA-80\" loading=\"lazy\" \/>\t\t\t\t\t\t\t\t\t\t\t\t\t\t\t<\/div>\n\t\t\t\t<\/div>\n\t\t\t\t<div class=\"elementor-element elementor-element-1758f0a elementor-widget elementor-widget-eael-fancy-text\" data-id=\"1758f0a\" data-element_type=\"widget\" data-e-type=\"widget\" data-widget_type=\"eael-fancy-text.default\">\n\t\t\t\t<div class=\"elementor-widget-container\">\n\t\t\t\t\t\n\t<div  class=\"eael-fancy-text-container style-1\" data-fancy-text-id=\"1758f0a\" data-fancy-text=\"|Transporte a\u00e9reo|Env\u00edo m\u00e1s r\u00e1pido y sencillo|Tarifa todo incluido,\" data-fancy-text-transition-type=\"bounceIn\" data-fancy-text-speed=\"\" data-fancy-text-delay=\"2500\" data-fancy-text-cursor=\"\" data-fancy-text-loop=\"yes\" data-fancy-text-action=\"page_load\" >\n\t\t\n\t\t\n\t\t\t\t\t<span id=\"eael-fancy-text-1758f0a\" class=\"eael-fancy-text-strings solid-color\">\n\t\t\t\t<noscript>\n\t\t\t\t\tTransporte a\u00e9reo, Env\u00edo m\u00e1s r\u00e1pido y sencillo, Tarifa todo incluido\t\t\t\t<\/noscript>\n\t\t\t<\/span>\n\t\t\n\t\t\t\t\t<span class=\"eael-fancy-text-suffix\"> al mejor precio por libra<\/span>\n\t\t\t<\/div><!-- close .eael-fancy-text-container -->\n\n\t<div class=\"clearfix\"><\/div>\n\n\t\t\t\t\t<\/div>\n\t\t\t\t<\/div>\n\t\t\t\t<div class=\"elementor-element elementor-element-6cc5d8f elementor-widget-divider--view-line elementor-widget elementor-widget-divider\" data-id=\"6cc5d8f\" data-element_type=\"widget\" data-e-type=\"widget\" data-widget_type=\"divider.default\">\n\t\t\t\t<div class=\"elementor-widget-container\">\n\t\t\t\t\t\t\t<div class=\"elementor-divider\">\n\t\t\t<span class=\"elementor-divider-separator\">\n\t\t\t\t\t\t<\/span>\n\t\t<\/div>\n\t\t\t\t\t\t<\/div>\n\t\t\t\t<\/div>\n\t\t\t\t<div class=\"elementor-element elementor-element-08e17dd eael-flipbox-content-align-center elementor-widget elementor-widget-eael-flip-box\" data-id=\"08e17dd\" data-element_type=\"widget\" data-e-type=\"widget\" data-widget_type=\"eael-flip-box.default\">\n\t\t\t\t<div class=\"elementor-widget-container\">\n\t\t\t\t\t        <div class=\"eael-elements-flip-box-container eael-animate-flip eael-animate-left eael-content eael-flip-box-hover eael-flipbox-fixed-height eael-flipbox-dynamic\">\n\n            <div class=\"eael-elements-flip-box-flip-card\">\n                <div class=\"eael-elements-flip-box-front-container\">\n                    \n                    \n                        <div class=\"eael-elements-slider-display-table\">\n                            <div class=\"eael-elements-flip-box-vertical-align\">\n                                <div class=\"eael-elements-flip-box-padding\">\n                                    <div class=\"eael-elements-flip-box-icon-image\">\n                                                                                    <i aria-hidden=\"true\" class=\"ea-flipbox-icon fas fa-fighter-jet\"><\/i>                                                                                    <\/div>\n                                    <h2 class=\"eael-elements-flip-box-heading\">POR TAN S\u00d3LO $8 POR LIBRA<\/h2>                                    <div class=\"eael-elements-flip-box-content\">\n\t                                    <p>Tus paquetes COL &#8211; CR<\/p>                                    <\/div>\n                                <\/div>\n                            <\/div>\n                        <\/div>\n                                    <\/div>\n\n                <div class=\"eael-elements-flip-box-rear-container\">\n                                                                <div class=\"eael-elements-slider-display-table\">\n                            <div class=\"eael-elements-flip-box-vertical-align\">\n                                <div class=\"eael-elements-flip-box-padding\">\n                                                                            <div class=\"eael-elements-flip-box-icon-image\">\n                                            <i aria-hidden=\"true\" class=\"ea-flipbox-icon far fa-money-bill-alt\"><\/i>                                                <\/div>\n                                                                                                            <h2 class=\"eael-elements-flip-box-heading\">CON TARIFA TODO INCLUIDO<\/h2>\n                                                                        <div class=\"eael-elements-flip-box-content\">\n                                        <p>No ten\u00e9s pagar costos extras por tus paquetes, s\u00f3lo pag\u00e1s el el peso por libra<\/p>                                    <\/div>\n\n                                                                    <\/div>\n                            <\/div>\n                        <\/div>\n                                    <\/div>\n            <\/div>\n        <\/div>\n        \t\t\t\t<\/div>\n\t\t\t\t<\/div>\n\t\t\t\t<div class=\"elementor-element elementor-element-086e759 elementor-widget elementor-widget-text-editor\" data-id=\"086e759\" data-element_type=\"widget\" data-e-type=\"widget\" data-widget_type=\"text-editor.default\">\n\t\t\t\t<div class=\"elementor-widget-container\">\n\t\t\t\t\t\t\t\t\t<p style=\"font-size: 16px; font-style: normal; font-weight: 400;\"><span style=\"font-weight: bold;\">American Locker<\/span> cuenta con <strong>excelentes<\/strong><span style=\"font-weight: bold;\">\u00a0tarifas<\/span> en transporte de paqueter\u00eda de Colombia a Costa Rica, l<span style=\"font-weight: bold;\">a cual no tiene cobros ocultos ni extras.<\/span><\/p><p style=\"font-size: 16px; font-style: normal; font-weight: 400;\"><strong>Env\u00edos se hacen Mi\u00e9rcoles y Viernes:<\/strong><br \/>-Envios que salen mi\u00e9rcoles llegan a Costa Rica d\u00eda lunes.<br \/>-Env\u00edos que salen viernes llegan a Costa Rica d\u00eda martes.<\/p>\t\t\t\t\t\t\t\t<\/div>\n\t\t\t\t<\/div>\n\t\t\t\t\t<\/div>\n\t\t<\/div>\n\t\t\t\t\t<\/div>\n\t\t<\/section>\n\t\t\t\t<section data-particle_enable=\"false\" data-particle-mobile-disabled=\"false\" class=\"elementor-section elementor-top-section elementor-element elementor-element-2d717ab elementor-section-boxed elementor-section-height-default elementor-section-height-default wpr-particle-no wpr-jarallax-no wpr-parallax-no wpr-sticky-section-no wpr-equal-height-no\" data-id=\"2d717ab\" data-element_type=\"section\" data-e-type=\"section\">\n\t\t\t\t\t\t<div class=\"elementor-container elementor-column-gap-default\">\n\t\t\t\t\t<div class=\"elementor-column elementor-col-100 elementor-top-column elementor-element elementor-element-4ee6810\" data-id=\"4ee6810\" data-element_type=\"column\" data-e-type=\"column\">\n\t\t\t<div class=\"elementor-widget-wrap elementor-element-populated\">\n\t\t\t\t\t\t<div class=\"elementor-element elementor-element-0abfd8d elementor-widget-divider--view-line elementor-widget elementor-widget-divider\" data-id=\"0abfd8d\" data-element_type=\"widget\" data-e-type=\"widget\" data-widget_type=\"divider.default\">\n\t\t\t\t<div class=\"elementor-widget-container\">\n\t\t\t\t\t\t\t<div class=\"elementor-divider\">\n\t\t\t<span class=\"elementor-divider-separator\">\n\t\t\t\t\t\t<\/span>\n\t\t<\/div>\n\t\t\t\t\t\t<\/div>\n\t\t\t\t<\/div>\n\t\t\t\t<div class=\"elementor-element elementor-element-b35a616 eael-dual-header-content-align-center elementor-widget elementor-widget-eael-dual-color-header\" data-id=\"b35a616\" data-element_type=\"widget\" data-e-type=\"widget\" data-widget_type=\"eael-dual-color-header.default\">\n\t\t\t\t<div class=\"elementor-widget-container\">\n\t\t\t\t\t\t\t\t<div class=\"eael-dual-header\">\n\t\t\t\t<h2 class=\"title eael-dch-title\"><span class=\"eael-dch-title-text eael-dch-title-lead lead solid-color\">INFORMACI\u00d3N PARA<\/span> <span class=\"eael-dch-title-text\">HACER TUS ENV\u00cdOS<\/span><\/h2>\t\t\t\t\t<span class=\"subtext\"><ul><li style=\"text-align: left\"><strong>Nombre:<\/strong> American Locker +\u00a0 ID de usuario + tu nombre (opcional)<\/li><li style=\"text-align: left\"><strong>Direcci\u00f3n:<\/strong> Calle 23D #101B &#8211; 56 BOGOTA FONTIB\u00d3N, COLOMBIA<\/li><li style=\"text-align: left\"><strong>Tel\u00e9fono:<\/strong>\u00a0(+506) 8539-9999<\/li><li style=\"text-align: left\"><strong>Colocar horario de atenci\u00f3n: <\/strong>Lunes a viernes de 8:00 am a 5:00 pm y s\u00e1bados\u00a0de\u00a08:00 am a 12:00 md\u00a0<\/li><\/ul><\/span>\n\t\t\t\t\t\t\t\t\t<span class=\"eael-dch-svg-icon\"><i aria-hidden=\"true\" class=\"fas fa-box-open\"><\/i><\/span>\t\t\t\t\t\t\t<\/div>\n\n\t\t\t\t\t\t<\/div>\n\t\t\t\t<\/div>\n\t\t\t\t<div class=\"elementor-element elementor-element-f07c0b2 elementor-widget elementor-widget-eael-creative-button\" data-id=\"f07c0b2\" data-element_type=\"widget\" data-e-type=\"widget\" data-widget_type=\"eael-creative-button.default\">\n\t\t\t\t<div class=\"elementor-widget-container\">\n\t\t\t\t\t        <div class=\"eael-creative-button-wrapper\">\n\n            <a class=\"eael-creative-button eael-creative-button--rayen eael-cb-icon-position-\" href=\"https:\/\/americanlockercr.com\/index.php\/calculadora\/\" data-text=\"\u00a1Vamos!\">\n            \t    \n                <div class=\"creative-button-inner\">\n\n                    \n                    <span class=\"cretive-button-text\">C\u00e1lcular  costos de env\u00edo<\/span>\n\n                                    <\/div>\n\t                        <\/a>\n        <\/div>\n        \t\t\t\t<\/div>\n\t\t\t\t<\/div>\n\t\t\t\t<div class=\"elementor-element elementor-element-971aa50 elementor-widget-divider--view-line elementor-widget elementor-widget-divider\" data-id=\"971aa50\" data-element_type=\"widget\" data-e-type=\"widget\" data-widget_type=\"divider.default\">\n\t\t\t\t<div class=\"elementor-widget-container\">\n\t\t\t\t\t\t\t<div class=\"elementor-divider\">\n\t\t\t<span class=\"elementor-divider-separator\">\n\t\t\t\t\t\t<\/span>\n\t\t<\/div>\n\t\t\t\t\t\t<\/div>\n\t\t\t\t<\/div>\n\t\t\t\t<div class=\"elementor-element elementor-element-c605d04 elementor-widget elementor-widget-text-editor\" data-id=\"c605d04\" data-element_type=\"widget\" data-e-type=\"widget\" data-widget_type=\"text-editor.default\">\n\t\t\t\t<div class=\"elementor-widget-container\">\n\t\t\t\t\t\t\t\t\t<p><span style=\"background-color: var(--ast-global-color-5); color: var(--ast-global-color-3); font-style: inherit; font-weight: inherit;\">Si a\u00fan ten\u00e9s alguna duda nos pod\u00e9s contactar directamente a nuestro WhatsApp:<\/span><\/p>\t\t\t\t\t\t\t\t<\/div>\n\t\t\t\t<\/div>\n\t\t\t\t<div class=\"elementor-element elementor-element-bd36a5e elementor-align-center elementor-widget elementor-widget-button\" data-id=\"bd36a5e\" data-element_type=\"widget\" data-e-type=\"widget\" data-widget_type=\"button.default\">\n\t\t\t\t<div class=\"elementor-widget-container\">\n\t\t\t\t\t\t\t\t\t<div class=\"elementor-button-wrapper\">\n\t\t\t\t\t<a class=\"elementor-button elementor-button-link elementor-size-sm\" href=\"https:\/\/api.whatsapp.com\/send\/?phone=50685399999&#038;text&#038;type=phone_number&#038;app_absent=0\">\n\t\t\t\t\t\t<span class=\"elementor-button-content-wrapper\">\n\t\t\t\t\t\t<span class=\"elementor-button-icon\">\n\t\t\t\t<svg xmlns=\"http:\/\/www.w3.org\/2000\/svg\" xmlns:xlink=\"http:\/\/www.w3.org\/1999\/xlink\" id=\"Capa_1\" x=\"0px\" y=\"0px\" width=\"150px\" height=\"150px\" viewBox=\"0 0 150 150\" xml:space=\"preserve\"><g>\t\t\t<ellipse transform=\"matrix(0.1586 -0.9873 0.9873 0.1586 -10.9475 137.1535)\" fill=\"#008047\" cx=\"75\" cy=\"75\" rx=\"71.452\" ry=\"71.453\"><\/ellipse>\t<path fill=\"#FFFFFF\" d=\"M28.445,119.409l6.945-25.912c-3.932-7.095-6.002-15.044-6.002-23.114c0-26.38,21.464-47.844,47.844-47.844  c26.382,0,47.845,21.464,47.845,47.844c0,26.382-21.463,47.845-47.845,47.845c-7.92,0-15.741-2-22.742-5.797L28.445,119.409z   M55.786,102.721l1.64,0.978c6.022,3.588,12.872,5.485,19.807,5.485c21.395,0,38.802-17.406,38.802-38.802  c0-21.395-17.407-38.8-38.802-38.8c-21.394,0-38.8,17.405-38.8,38.8c0,7.065,1.962,14.021,5.675,20.118l1.006,1.652l-3.877,14.467  L55.786,102.721z\"><\/path>\t<path fill-rule=\"evenodd\" clip-rule=\"evenodd\" fill=\"#FFFFFF\" d=\"M95.031,77.037c-1.97-1.178-4.532-2.493-6.852-1.543  c-1.78,0.728-2.916,3.514-4.069,4.937c-0.592,0.73-1.299,0.844-2.207,0.478c-6.681-2.661-11.801-7.121-15.487-13.266  c-0.625-0.955-0.513-1.708,0.24-2.594c1.114-1.311,2.512-2.801,2.813-4.568c0.302-1.766-0.527-3.833-1.257-5.406  c-0.934-2.01-1.978-4.878-3.992-6.016c-1.852-1.046-4.291-0.46-5.94,0.883c-2.848,2.318-4.222,5.951-4.18,9.552  c0.011,1.023,0.137,2.044,0.376,3.031c0.575,2.376,1.672,4.593,2.908,6.701c0.932,1.591,1.944,3.133,3.036,4.617  c3.574,4.854,8.019,9.073,13.167,12.226c2.572,1.575,5.343,2.957,8.211,3.905c3.217,1.063,6.084,2.169,9.558,1.51  c3.637-0.691,7.224-2.942,8.667-6.447c0.427-1.038,0.641-2.194,0.402-3.29C99.932,79.481,96.864,78.134,95.031,77.037z\"><\/path><\/g><\/svg>\t\t\t<\/span>\n\t\t\t\t\t\t\t\t\t<span class=\"elementor-button-text\">Hac\u00e9 tus consultas aqu\u00ed<\/span>\n\t\t\t\t\t<\/span>\n\t\t\t\t\t<\/a>\n\t\t\t\t<\/div>\n\t\t\t\t\t\t\t\t<\/div>\n\t\t\t\t<\/div>\n\t\t\t\t\t<\/div>\n\t\t<\/div>\n\t\t\t\t\t<\/div>\n\t\t<\/section>\n\t\t\t\t<\/div>\n\t\t","protected":false},"excerpt":{"rendered":"<p>Transporte a\u00e9reo, Env\u00edo m\u00e1s r\u00e1pido y sencillo, Tarifa todo incluido al mejor precio por libra POR TAN S\u00d3LO $8 POR LIBRA Tus paquetes COL &#8211; CR CON TARIFA TODO INCLUIDO No ten\u00e9s pagar costos extras por tus paquetes, s\u00f3lo pag\u00e1s el el peso por libra American Locker cuenta con excelentes\u00a0tarifas en transporte de paqueter\u00eda de<\/p>\n","protected":false},"author":1,"featured_media":0,"parent":0,"menu_order":0,"comment_status":"closed","ping_status":"closed","template":"","meta":{"_eb_attr":"","_uag_custom_page_level_css":"","_monsterinsights_skip_tracking":false,"_monsterinsights_sitenote_active":false,"_monsterinsights_sitenote_note":"","_monsterinsights_sitenote_category":0,"site-sidebar-layout":"default","site-content-layout":"","ast-site-content-layout":"default","site-content-style":"default","site-sidebar-style":"default","ast-global-header-display":"","ast-banner-title-visibility":"","ast-main-header-display":"","ast-hfb-above-header-display":"","ast-hfb-below-header-display":"","ast-hfb-mobile-header-display":"","site-post-title":"disabled","ast-breadcrumbs-content":"","ast-featured-img":"","footer-sml-layout":"","ast-disable-related-posts":"","theme-transparent-header-meta":"","adv-header-id-meta":"","stick-header-meta":"","header-above-stick-meta":"","header-main-stick-meta":"","header-below-stick-meta":"","astra-migrate-meta-layouts":"set","ast-page-background-enabled":"default","ast-page-background-meta":{"desktop":{"background-color":"","background-image":"","background-repeat":"repeat","background-position":"center center","background-size":"auto","background-attachment":"scroll","background-type":"","background-media":"","overlay-type":"","overlay-color":"","overlay-opacity":"","overlay-gradient":""},"tablet":{"background-color":"","background-image":"","background-repeat":"repeat","background-position":"center center","background-size":"auto","background-attachment":"scroll","background-type":"","background-media":"","overlay-type":"","overlay-color":"","overlay-opacity":"","overlay-gradient":""},"mobile":{"background-color":"","background-image":"","background-repeat":"repeat","background-position":"center center","background-size":"auto","background-attachment":"scroll","background-type":"","background-media":"","overlay-type":"","overlay-color":"","overlay-opacity":"","overlay-gradient":""}},"ast-content-background-meta":{"desktop":{"background-color":"var(--ast-global-color-5)","background-image":"","background-repeat":"repeat","background-position":"center center","background-size":"auto","background-attachment":"scroll","background-type":"","background-media":"","overlay-type":"","overlay-color":"","overlay-opacity":"","overlay-gradient":""},"tablet":{"background-color":"var(--ast-global-color-5)","background-image":"","background-repeat":"repeat","background-position":"center center","background-size":"auto","background-attachment":"scroll","background-type":"","background-media":"","overlay-type":"","overlay-color":"","overlay-opacity":"","overlay-gradient":""},"mobile":{"background-color":"var(--ast-global-color-5)","background-image":"","background-repeat":"repeat","background-position":"center center","background-size":"auto","background-attachment":"scroll","background-type":"","background-media":"","overlay-type":"","overlay-color":"","overlay-opacity":"","overlay-gradient":""}},"_glsr_average":0,"_glsr_ranking":0,"_glsr_reviews":0,"_joinchat":[],"footnotes":""},"class_list":["post-6051","page","type-page","status-publish","hentry"],"aioseo_notices":[],"uagb_featured_image_src":{"full":false,"thumbnail":false,"medium":false,"medium_large":false,"large":false,"1536x1536":false,"2048x2048":false,"woocommerce_thumbnail":false,"woocommerce_single":false,"woocommerce_gallery_thumbnail":false},"uagb_author_info":{"display_name":"americanlockercr","author_link":"https:\/\/americanlockercr.com\/index.php\/author\/americanlockercr\/"},"uagb_comment_info":0,"uagb_excerpt":"Transporte a\u00e9reo, Env\u00edo m\u00e1s r\u00e1pido y sencillo, Tarifa todo incluido al mejor precio por libra POR TAN S\u00d3LO $8 POR LIBRA Tus paquetes COL &#8211; CR CON TARIFA TODO INCLUIDO No ten\u00e9s pagar costos extras por tus paquetes, s\u00f3lo pag\u00e1s el el peso por libra American Locker cuenta con excelentes\u00a0tarifas en transporte de paqueter\u00eda de","jetpack_sharing_enabled":true,"_links":{"self":[{"href":"https:\/\/americanlockercr.com\/index.php\/wp-json\/wp\/v2\/pages\/6051","targetHints":{"allow":["GET"]}}],"collection":[{"href":"https:\/\/americanlockercr.com\/index.php\/wp-json\/wp\/v2\/pages"}],"about":[{"href":"https:\/\/americanlockercr.com\/index.php\/wp-json\/wp\/v2\/types\/page"}],"author":[{"embeddable":true,"href":"https:\/\/americanlockercr.com\/index.php\/wp-json\/wp\/v2\/users\/1"}],"replies":[{"embeddable":true,"href":"https:\/\/americanlockercr.com\/index.php\/wp-json\/wp\/v2\/comments?post=6051"}],"version-history":[{"count":102,"href":"https:\/\/americanlockercr.com\/index.php\/wp-json\/wp\/v2\/pages\/6051\/revisions"}],"predecessor-version":[{"id":10751,"href":"https:\/\/americanlockercr.com\/index.php\/wp-json\/wp\/v2\/pages\/6051\/revisions\/10751"}],"wp:attachment":[{"href":"https:\/\/americanlockercr.com\/index.php\/wp-json\/wp\/v2\/media?parent=6051"}],"curies":[{"name":"wp","href":"https:\/\/api.w.org\/{rel}","templated":true}]}}