{"id":2,"date":"2023-05-24T21:44:48","date_gmt":"2023-05-24T21:44:48","guid":{"rendered":"https:\/\/americanlockercr.com\/?page_id=2"},"modified":"2024-10-11T09:04:57","modified_gmt":"2024-10-11T15:04:57","slug":"tarifas","status":"publish","type":"page","link":"https:\/\/americanlockercr.com\/index.php\/tarifas\/","title":{"rendered":"Tarifas"},"content":{"rendered":"\t\t<div data-elementor-type=\"wp-page\" data-elementor-id=\"2\" class=\"elementor elementor-2\" data-elementor-post-type=\"page\">\n\t\t\t\t\t\t<section data-particle_enable=\"false\" data-particle-mobile-disabled=\"false\" class=\"elementor-section elementor-top-section elementor-element elementor-element-2cced7a4 elementor-section-boxed elementor-section-height-default elementor-section-height-default wpr-particle-no wpr-jarallax-no wpr-parallax-no wpr-sticky-section-no wpr-equal-height-no\" data-id=\"2cced7a4\" data-element_type=\"section\" data-e-type=\"section\">\n\t\t\t\t\t\t<div class=\"elementor-container elementor-column-gap-default\">\n\t\t\t\t\t<div class=\"elementor-column elementor-col-100 elementor-top-column elementor-element elementor-element-6e447880\" data-id=\"6e447880\" data-element_type=\"column\" data-e-type=\"column\">\n\t\t\t<div class=\"elementor-widget-wrap elementor-element-populated\">\n\t\t\t\t\t\t<div class=\"elementor-element elementor-element-94b7e77 elementor-widget elementor-widget-image\" data-id=\"94b7e77\" data-element_type=\"widget\" data-e-type=\"widget\" data-widget_type=\"image.default\">\n\t\t\t\t<div class=\"elementor-widget-container\">\n\t\t\t\t\t\t\t\t\t\t\t\t\t\t\t<img decoding=\"async\" src=\"https:\/\/americanlockercr.com\/wp-content\/uploads\/elementor\/thumbs\/Tarifas-100-qrjqbf5uo6aoyran5c8gz7dm220caz7j9u8jl7csao.jpg\" title=\"Tarifas-100\" alt=\"Tarifas-100\" loading=\"lazy\" \/>\t\t\t\t\t\t\t\t\t\t\t\t\t\t\t<\/div>\n\t\t\t\t<\/div>\n\t\t\t\t<div class=\"elementor-element elementor-element-f47f5c0 elementor-widget elementor-widget-heading\" data-id=\"f47f5c0\" data-element_type=\"widget\" data-e-type=\"widget\" data-widget_type=\"heading.default\">\n\t\t\t\t<div class=\"elementor-widget-container\">\n\t\t\t\t\t<h2 class=\"elementor-heading-title elementor-size-default\">Nuestras tarifas paqueter\u00eda<\/h2>\t\t\t\t<\/div>\n\t\t\t\t<\/div>\n\t\t\t\t<div class=\"elementor-element elementor-element-7930be7 elementor-widget elementor-widget-text-editor\" data-id=\"7930be7\" data-element_type=\"widget\" data-e-type=\"widget\" data-widget_type=\"text-editor.default\">\n\t\t\t\t<div class=\"elementor-widget-container\">\n\t\t\t\t\t\t\t\t\t<p>Seleccion\u00e1 el tipo de servicio que busc\u00e1s<\/p>\t\t\t\t\t\t\t\t<\/div>\n\t\t\t\t<\/div>\n\t\t\t\t<div class=\"elementor-element elementor-element-36b7179 elementor-widget elementor-widget-eael-adv-accordion\" data-id=\"36b7179\" data-element_type=\"widget\" data-e-type=\"widget\" data-widget_type=\"eael-adv-accordion.default\">\n\t\t\t\t<div class=\"elementor-widget-container\">\n\t\t\t\t\t            <div class=\"eael-adv-accordion\" id=\"eael-adv-accordion-36b7179\" data-scroll-on-click=\"no\" data-scroll-speed=\"300\" data-accordion-id=\"36b7179\" data-accordion-type=\"accordion\" data-toogle-speed=\"300\">\n            <div class=\"eael-accordion-list\">\n\t\t\t\t\t<div id=\"paquera-usa-cr\" class=\"elementor-tab-title eael-accordion-header\" tabindex=\"0\" data-tab=\"1\" aria-controls=\"elementor-tab-content-5731\"><span class=\"eael-advanced-accordion-icon-closed\"><i aria-hidden=\"true\" class=\"fa-accordion-icon fas fa-plus\"><\/i><\/span><span class=\"eael-advanced-accordion-icon-opened\"><i aria-hidden=\"true\" class=\"fa-accordion-icon fas fa-minus\"><\/i><\/span><span class=\"eael-accordion-tab-title\">Paquer\u00eda USA - CR<\/span><i aria-hidden=\"true\" class=\"fa-toggle fas fa-angle-right\"><\/i><\/div><div id=\"elementor-tab-content-5731\" class=\"eael-accordion-content clearfix\" data-tab=\"1\" aria-labelledby=\"paquera-usa-cr\"><h2><strong>$7 por libra<\/strong><\/h2><p>American Locker te ofrece una de las mejores tarifas USA &#8211; CR del mercadeo, <strong>a tan s\u00f3lo $7<\/strong> por cada libra de peso de tu paquete. Costo final por libra, incluye impuestos y dem\u00e1s cargos por traerlos al pa\u00eds<\/p><\/div>\n\t\t\t\t\t<\/div><div class=\"eael-accordion-list\">\n\t\t\t\t\t<div id=\"paquera-col-cr\" class=\"elementor-tab-title eael-accordion-header\" tabindex=\"0\" data-tab=\"2\" aria-controls=\"elementor-tab-content-5732\"><span class=\"eael-advanced-accordion-icon-closed\"><i aria-hidden=\"true\" class=\"fa-accordion-icon fas fa-plus\"><\/i><\/span><span class=\"eael-advanced-accordion-icon-opened\"><i aria-hidden=\"true\" class=\"fa-accordion-icon fas fa-minus\"><\/i><\/span><span class=\"eael-accordion-tab-title\">Paquer\u00eda COL - CR<\/span><i aria-hidden=\"true\" class=\"fa-toggle fas fa-angle-right\"><\/i><\/div><div id=\"elementor-tab-content-5732\" class=\"eael-accordion-content clearfix\" data-tab=\"2\" aria-labelledby=\"paquera-col-cr\"><h2><strong>$8 por libra<\/strong><\/h2><p>Te ofrecemos un servicio de calidad para todos los paquetes que ocup\u00e1s traer de Colombia a Costa Rica. Costo final por libra, incluye impuestos y dem\u00e1s cargos por traerlos al pa\u00eds<\/p><\/div>\n\t\t\t\t\t<\/div><div class=\"eael-accordion-list\">\n\t\t\t\t\t<div id=\"asesoramiento-gratis\" class=\"elementor-tab-title eael-accordion-header\" tabindex=\"0\" data-tab=\"3\" aria-controls=\"elementor-tab-content-5733\"><span class=\"eael-advanced-accordion-icon-closed\"><i aria-hidden=\"true\" class=\"fa-accordion-icon fas fa-plus\"><\/i><\/span><span class=\"eael-advanced-accordion-icon-opened\"><i aria-hidden=\"true\" class=\"fa-accordion-icon fas fa-minus\"><\/i><\/span><span class=\"eael-accordion-tab-title\">Asesoramiento GRATIS<\/span><i aria-hidden=\"true\" class=\"fa-toggle fas fa-angle-right\"><\/i><\/div><div id=\"elementor-tab-content-5733\" class=\"eael-accordion-content clearfix\" data-tab=\"3\" aria-labelledby=\"asesoramiento-gratis\"><h3><strong>COMPLETAMENTE GRATIS<\/strong><\/h3><p>Te ofrecemos asesoramiento completamente GRATIS, para que aprend\u00e1s a comprar en las principales tiendas de Estados Unidos, y te ayudamos para que hagas llegar tus paquetes a nuestras bodegas en Miami<\/p><\/div>\n\t\t\t\t\t<\/div><\/div>\t\t\t\t<\/div>\n\t\t\t\t<\/div>\n\t\t\t\t\t<\/div>\n\t\t<\/div>\n\t\t\t\t\t<\/div>\n\t\t<\/section>\n\t\t\t\t<section data-particle_enable=\"false\" data-particle-mobile-disabled=\"false\" class=\"elementor-section elementor-top-section elementor-element elementor-element-2d717ab elementor-section-boxed elementor-section-height-default elementor-section-height-default wpr-particle-no wpr-jarallax-no wpr-parallax-no wpr-sticky-section-no wpr-equal-height-no\" data-id=\"2d717ab\" data-element_type=\"section\" data-e-type=\"section\">\n\t\t\t\t\t\t<div class=\"elementor-container elementor-column-gap-default\">\n\t\t\t\t\t<div class=\"elementor-column elementor-col-100 elementor-top-column elementor-element elementor-element-4ee6810\" data-id=\"4ee6810\" data-element_type=\"column\" data-e-type=\"column\">\n\t\t\t<div class=\"elementor-widget-wrap elementor-element-populated\">\n\t\t\t\t\t\t<div class=\"elementor-element elementor-element-f07c0b2 elementor-widget elementor-widget-eael-creative-button\" data-id=\"f07c0b2\" data-element_type=\"widget\" data-e-type=\"widget\" data-widget_type=\"eael-creative-button.default\">\n\t\t\t\t<div class=\"elementor-widget-container\">\n\t\t\t\t\t        <div class=\"eael-creative-button-wrapper\">\n\n            <a class=\"eael-creative-button eael-creative-button--rayen eael-cb-icon-position-\" href=\"https:\/\/americanlockercr.com\/index.php\/calculadora\/\" data-text=\"\u00a1Vamos!\">\n            \t    \n                <div class=\"creative-button-inner\">\n\n                    \n                    <span class=\"cretive-button-text\">C\u00e1lcular  costos de env\u00edo<\/span>\n\n                                    <\/div>\n\t                        <\/a>\n        <\/div>\n        \t\t\t\t<\/div>\n\t\t\t\t<\/div>\n\t\t\t\t\t<\/div>\n\t\t<\/div>\n\t\t\t\t\t<\/div>\n\t\t<\/section>\n\t\t\t\t<section data-particle_enable=\"false\" data-particle-mobile-disabled=\"false\" class=\"elementor-section elementor-top-section elementor-element elementor-element-a929c73 elementor-section-boxed elementor-section-height-default elementor-section-height-default wpr-particle-no wpr-jarallax-no wpr-parallax-no wpr-sticky-section-no wpr-equal-height-no\" data-id=\"a929c73\" data-element_type=\"section\" data-e-type=\"section\">\n\t\t\t\t\t\t<div class=\"elementor-container elementor-column-gap-default\">\n\t\t\t\t\t<div class=\"elementor-column elementor-col-100 elementor-top-column elementor-element elementor-element-7e1c46b\" data-id=\"7e1c46b\" data-element_type=\"column\" data-e-type=\"column\">\n\t\t\t<div class=\"elementor-widget-wrap elementor-element-populated\">\n\t\t\t\t\t\t<div class=\"elementor-element elementor-element-432dce4 elementor-widget-divider--view-line elementor-widget elementor-widget-divider\" data-id=\"432dce4\" data-element_type=\"widget\" data-e-type=\"widget\" data-widget_type=\"divider.default\">\n\t\t\t\t<div class=\"elementor-widget-container\">\n\t\t\t\t\t\t\t<div class=\"elementor-divider\">\n\t\t\t<span class=\"elementor-divider-separator\">\n\t\t\t\t\t\t<\/span>\n\t\t<\/div>\n\t\t\t\t\t\t<\/div>\n\t\t\t\t<\/div>\n\t\t\t\t\t<\/div>\n\t\t<\/div>\n\t\t\t\t\t<\/div>\n\t\t<\/section>\n\t\t\t\t<section data-particle_enable=\"false\" data-particle-mobile-disabled=\"false\" class=\"elementor-section elementor-top-section elementor-element elementor-element-ac66292 elementor-section-boxed elementor-section-height-default elementor-section-height-default wpr-particle-no wpr-jarallax-no wpr-parallax-no wpr-sticky-section-no wpr-equal-height-no\" data-id=\"ac66292\" data-element_type=\"section\" data-e-type=\"section\">\n\t\t\t\t\t\t<div class=\"elementor-container elementor-column-gap-default\">\n\t\t\t\t\t<div class=\"elementor-column elementor-col-100 elementor-top-column elementor-element elementor-element-dd31a94\" data-id=\"dd31a94\" data-element_type=\"column\" data-e-type=\"column\">\n\t\t\t<div class=\"elementor-widget-wrap elementor-element-populated\">\n\t\t\t\t\t\t<div class=\"elementor-element elementor-element-a3b13f8 elementor-widget elementor-widget-image\" data-id=\"a3b13f8\" data-element_type=\"widget\" data-e-type=\"widget\" data-widget_type=\"image.default\">\n\t\t\t\t<div class=\"elementor-widget-container\">\n\t\t\t\t\t\t\t\t\t\t\t\t\t\t\t<img decoding=\"async\" src=\"https:\/\/americanlockercr.com\/wp-content\/uploads\/elementor\/thumbs\/PaginaWeb-American-Locker-metodos-de-pago-qvenlz8m5p0dl78bcts4fpzc1hfptr7722lzfghnqk.png\" title=\"P\u00e1ginaWeb-American-Locker-m\u00e9todos-de-pago\" alt=\"P\u00e1ginaWeb-American-Locker-m\u00e9todos-de-pago\" loading=\"lazy\" \/>\t\t\t\t\t\t\t\t\t\t\t\t\t\t\t<\/div>\n\t\t\t\t<\/div>\n\t\t\t\t<div class=\"elementor-element elementor-element-9f69ff0 elementor-widget elementor-widget-text-editor\" data-id=\"9f69ff0\" data-element_type=\"widget\" data-e-type=\"widget\" data-widget_type=\"text-editor.default\">\n\t\t\t\t<div class=\"elementor-widget-container\">\n\t\t\t\t\t\t\t\t\t<p>ESTIMADOS CLIENTES, CON EL OBJETIVO DE MANTENER UN MAYOR ORDEN Y TRAMITAR LOS PAGOS DE MANERA M\u00c1S R\u00c1PIDA, LES SOLICITAMOS <strong>COLOCAR EN EL MOTIVO DEL COMPROBANTE DE PAGO SU NOMBRE O SU N\u00daMERO DE PEDIDO<\/strong><\/p>\t\t\t\t\t\t\t\t<\/div>\n\t\t\t\t<\/div>\n\t\t\t\t<div class=\"elementor-element elementor-element-bd36a5e elementor-align-center elementor-widget elementor-widget-button\" data-id=\"bd36a5e\" data-element_type=\"widget\" data-e-type=\"widget\" data-widget_type=\"button.default\">\n\t\t\t\t<div class=\"elementor-widget-container\">\n\t\t\t\t\t\t\t\t\t<div class=\"elementor-button-wrapper\">\n\t\t\t\t\t<a class=\"elementor-button elementor-button-link elementor-size-sm\" href=\"https:\/\/api.whatsapp.com\/send\/?phone=50685399999&#038;text&#038;type=phone_number&#038;app_absent=0\">\n\t\t\t\t\t\t<span class=\"elementor-button-content-wrapper\">\n\t\t\t\t\t\t<span class=\"elementor-button-icon\">\n\t\t\t\t<svg xmlns=\"http:\/\/www.w3.org\/2000\/svg\" xmlns:xlink=\"http:\/\/www.w3.org\/1999\/xlink\" id=\"Capa_1\" x=\"0px\" y=\"0px\" width=\"150px\" height=\"150px\" viewBox=\"0 0 150 150\" xml:space=\"preserve\"><g>\t\t\t<ellipse transform=\"matrix(0.1586 -0.9873 0.9873 0.1586 -10.9475 137.1535)\" fill=\"#008047\" cx=\"75\" cy=\"75\" rx=\"71.452\" ry=\"71.453\"><\/ellipse>\t<path fill=\"#FFFFFF\" d=\"M28.445,119.409l6.945-25.912c-3.932-7.095-6.002-15.044-6.002-23.114c0-26.38,21.464-47.844,47.844-47.844  c26.382,0,47.845,21.464,47.845,47.844c0,26.382-21.463,47.845-47.845,47.845c-7.92,0-15.741-2-22.742-5.797L28.445,119.409z   M55.786,102.721l1.64,0.978c6.022,3.588,12.872,5.485,19.807,5.485c21.395,0,38.802-17.406,38.802-38.802  c0-21.395-17.407-38.8-38.802-38.8c-21.394,0-38.8,17.405-38.8,38.8c0,7.065,1.962,14.021,5.675,20.118l1.006,1.652l-3.877,14.467  L55.786,102.721z\"><\/path>\t<path fill-rule=\"evenodd\" clip-rule=\"evenodd\" fill=\"#FFFFFF\" d=\"M95.031,77.037c-1.97-1.178-4.532-2.493-6.852-1.543  c-1.78,0.728-2.916,3.514-4.069,4.937c-0.592,0.73-1.299,0.844-2.207,0.478c-6.681-2.661-11.801-7.121-15.487-13.266  c-0.625-0.955-0.513-1.708,0.24-2.594c1.114-1.311,2.512-2.801,2.813-4.568c0.302-1.766-0.527-3.833-1.257-5.406  c-0.934-2.01-1.978-4.878-3.992-6.016c-1.852-1.046-4.291-0.46-5.94,0.883c-2.848,2.318-4.222,5.951-4.18,9.552  c0.011,1.023,0.137,2.044,0.376,3.031c0.575,2.376,1.672,4.593,2.908,6.701c0.932,1.591,1.944,3.133,3.036,4.617  c3.574,4.854,8.019,9.073,13.167,12.226c2.572,1.575,5.343,2.957,8.211,3.905c3.217,1.063,6.084,2.169,9.558,1.51  c3.637-0.691,7.224-2.942,8.667-6.447c0.427-1.038,0.641-2.194,0.402-3.29C99.932,79.481,96.864,78.134,95.031,77.037z\"><\/path><\/g><\/svg>\t\t\t<\/span>\n\t\t\t\t\t\t\t\t\t<span class=\"elementor-button-text\">Hac\u00e9 tus consultas aqu\u00ed<\/span>\n\t\t\t\t\t<\/span>\n\t\t\t\t\t<\/a>\n\t\t\t\t<\/div>\n\t\t\t\t\t\t\t\t<\/div>\n\t\t\t\t<\/div>\n\t\t\t\t\t<\/div>\n\t\t<\/div>\n\t\t\t\t\t<\/div>\n\t\t<\/section>\n\t\t\t\t<\/div>\n\t\t","protected":false},"excerpt":{"rendered":"<p>Nuestras tarifas paqueter\u00eda Seleccion\u00e1 el tipo de servicio que busc\u00e1s Paquer\u00eda USA &#8211; CR $7 por libra American Locker te ofrece una de las mejores tarifas USA &#8211; CR del mercadeo, a tan s\u00f3lo $7 por cada libra de peso de tu paquete. Costo final por libra, incluye impuestos y dem\u00e1s cargos por traerlos al<\/p>\n","protected":false},"author":1,"featured_media":0,"parent":0,"menu_order":0,"comment_status":"closed","ping_status":"closed","template":"","meta":{"_eb_attr":"","_uag_custom_page_level_css":"","_monsterinsights_skip_tracking":false,"_monsterinsights_sitenote_active":false,"_monsterinsights_sitenote_note":"","_monsterinsights_sitenote_category":0,"site-sidebar-layout":"default","site-content-layout":"","ast-site-content-layout":"default","site-content-style":"default","site-sidebar-style":"default","ast-global-header-display":"","ast-banner-title-visibility":"","ast-main-header-display":"","ast-hfb-above-header-display":"","ast-hfb-below-header-display":"","ast-hfb-mobile-header-display":"","site-post-title":"disabled","ast-breadcrumbs-content":"","ast-featured-img":"","footer-sml-layout":"","ast-disable-related-posts":"","theme-transparent-header-meta":"","adv-header-id-meta":"","stick-header-meta":"","header-above-stick-meta":"","header-main-stick-meta":"","header-below-stick-meta":"","astra-migrate-meta-layouts":"set","ast-page-background-enabled":"default","ast-page-background-meta":{"desktop":{"background-color":"","background-image":"","background-repeat":"repeat","background-position":"center center","background-size":"auto","background-attachment":"scroll","background-type":"","background-media":"","overlay-type":"","overlay-color":"","overlay-opacity":"","overlay-gradient":""},"tablet":{"background-color":"","background-image":"","background-repeat":"repeat","background-position":"center center","background-size":"auto","background-attachment":"scroll","background-type":"","background-media":"","overlay-type":"","overlay-color":"","overlay-opacity":"","overlay-gradient":""},"mobile":{"background-color":"","background-image":"","background-repeat":"repeat","background-position":"center center","background-size":"auto","background-attachment":"scroll","background-type":"","background-media":"","overlay-type":"","overlay-color":"","overlay-opacity":"","overlay-gradient":""}},"ast-content-background-meta":{"desktop":{"background-color":"var(--ast-global-color-5)","background-image":"","background-repeat":"repeat","background-position":"center center","background-size":"auto","background-attachment":"scroll","background-type":"","background-media":"","overlay-type":"","overlay-color":"","overlay-opacity":"","overlay-gradient":""},"tablet":{"background-color":"var(--ast-global-color-5)","background-image":"","background-repeat":"repeat","background-position":"center center","background-size":"auto","background-attachment":"scroll","background-type":"","background-media":"","overlay-type":"","overlay-color":"","overlay-opacity":"","overlay-gradient":""},"mobile":{"background-color":"var(--ast-global-color-5)","background-image":"","background-repeat":"repeat","background-position":"center center","background-size":"auto","background-attachment":"scroll","background-type":"","background-media":"","overlay-type":"","overlay-color":"","overlay-opacity":"","overlay-gradient":""}},"_glsr_average":0,"_glsr_ranking":0,"_glsr_reviews":0,"_joinchat":[],"footnotes":""},"class_list":["post-2","page","type-page","status-publish","hentry"],"aioseo_notices":[],"uagb_featured_image_src":{"full":false,"thumbnail":false,"medium":false,"medium_large":false,"large":false,"1536x1536":false,"2048x2048":false,"woocommerce_thumbnail":false,"woocommerce_single":false,"woocommerce_gallery_thumbnail":false},"uagb_author_info":{"display_name":"americanlockercr","author_link":"https:\/\/americanlockercr.com\/index.php\/author\/americanlockercr\/"},"uagb_comment_info":0,"uagb_excerpt":"Nuestras tarifas paqueter\u00eda Seleccion\u00e1 el tipo de servicio que busc\u00e1s Paquer\u00eda USA &#8211; CR $7 por libra American Locker te ofrece una de las mejores tarifas USA &#8211; CR del mercadeo, a tan s\u00f3lo $7 por cada libra de peso de tu paquete. Costo final por libra, incluye impuestos y dem\u00e1s cargos por traerlos al","jetpack_sharing_enabled":true,"_links":{"self":[{"href":"https:\/\/americanlockercr.com\/index.php\/wp-json\/wp\/v2\/pages\/2","targetHints":{"allow":["GET"]}}],"collection":[{"href":"https:\/\/americanlockercr.com\/index.php\/wp-json\/wp\/v2\/pages"}],"about":[{"href":"https:\/\/americanlockercr.com\/index.php\/wp-json\/wp\/v2\/types\/page"}],"author":[{"embeddable":true,"href":"https:\/\/americanlockercr.com\/index.php\/wp-json\/wp\/v2\/users\/1"}],"replies":[{"embeddable":true,"href":"https:\/\/americanlockercr.com\/index.php\/wp-json\/wp\/v2\/comments?post=2"}],"version-history":[{"count":113,"href":"https:\/\/americanlockercr.com\/index.php\/wp-json\/wp\/v2\/pages\/2\/revisions"}],"predecessor-version":[{"id":8707,"href":"https:\/\/americanlockercr.com\/index.php\/wp-json\/wp\/v2\/pages\/2\/revisions\/8707"}],"wp:attachment":[{"href":"https:\/\/americanlockercr.com\/index.php\/wp-json\/wp\/v2\/media?parent=2"}],"curies":[{"name":"wp","href":"https:\/\/api.w.org\/{rel}","templated":true}]}}